{"id":57,"date":"2023-04-09T11:54:23","date_gmt":"2023-04-09T09:54:23","guid":{"rendered":"http:\/\/www.ignis-lab.com\/?page_id=57"},"modified":"2023-04-09T12:42:55","modified_gmt":"2023-04-09T10:42:55","slug":"mentions-legales","status":"publish","type":"page","link":"https:\/\/www.ignis-lab.com\/index.php\/mentions-legales\/","title":{"rendered":"Mentions L\u00e9gales"},"content":{"rendered":"\n<p>Conform\u00e9ment aux dispositions de la loi n\u00b0 2004-575 du 21 juin 2004 pour la confiance en l&rsquo;\u00e9conomie num\u00e9rique, il est pr\u00e9cis\u00e9 aux utilisateurs du site IGNIS LAB l&rsquo;identit\u00e9 des diff\u00e9rents intervenants dans le cadre de sa r\u00e9alisation et de son suivi.<br><\/p>\n\n\n\n<p><strong>Edition du site<\/strong><br>Le pr\u00e9sent site, accessible \u00e0 l\u2019URL http:\/\/www.ignis-lab.com\/ (le \u00ab Site \u00bb), est \u00e9dit\u00e9<br>par :<br><\/p>\n\n\n\n<p>IGNIS LAB, soci\u00e9t\u00e9 au capital de 60 euros, inscrite au R.C.S. de BOBIGNY sous le<br>num\u00e9ro 914 870 134 R.C.S. Bobigny, dont le si\u00e8ge social est situ\u00e9 au 95 avenue du<br>Pr\u00e9sident Wilson 93108 Montreuil CEDEX, repr\u00e9sent\u00e9(e) par Peter-Dave Steevens<br>NKOULOUH NKOULOUH d\u00fbment habilit\u00e9(e)<br>Le num\u00e9ro individuel TVA de l\u2019\u00e9diteur est : FR 70 914870134.<br><\/p>\n\n\n\n<p><strong>H\u00e9bergement<\/strong><br>Le Site est h\u00e9berg\u00e9 par la soci\u00e9t\u00e9 OVH SAS, situ\u00e9 2 rue Kellermann &#8211; BP 80157 &#8211; 59053<br>Roubaix Cedex 1, (contact t\u00e9l\u00e9phonique ou email : 1007).<br><\/p>\n\n\n\n<p><strong>Directeur de publication<\/strong><br>Le Directeur de la publication du Site est Peter-Dave Steevens NKOULOUH<br>NKOULOUH .<br><\/p>\n\n\n\n<p><strong>Nous contacter<\/strong><br>Par t\u00e9l\u00e9phone : 01 55 86 80 20<br>Par email : contact@ignis-lab.com<br>Par courrier : 95 avenue du Pr\u00e9sident Wilson 93108 Montreuil CEDEX<\/p>\n","protected":false},"excerpt":{"rendered":"<p>Conform\u00e9ment aux dispositions de la loi n\u00b0 2004-575 du 21 juin 2004 pour la confiance en l&rsquo;\u00e9conomie num\u00e9rique, il est pr\u00e9cis\u00e9 aux utilisateurs du site IGNIS LAB l&rsquo;identit\u00e9 des diff\u00e9rents intervenants dans le cadre de sa r\u00e9alisation et de son suivi. Edition du siteLe pr\u00e9sent site, accessible \u00e0 l\u2019URL http:\/\/www.ignis-lab.com\/ (le \u00ab Site \u00bb), est [&hellip;]<\/p>\n","protected":false},"author":1,"featured_media":0,"parent":0,"menu_order":0,"comment_status":"closed","ping_status":"closed","template":"","meta":{"footnotes":""},"class_list":["post-57","page","type-page","status-publish","hentry"],"_links":{"self":[{"href":"https:\/\/www.ignis-lab.com\/index.php\/wp-json\/wp\/v2\/pages\/57","targetHints":{"allow":["GET"]}}],"collection":[{"href":"https:\/\/www.ignis-lab.com\/index.php\/wp-json\/wp\/v2\/pages"}],"about":[{"href":"https:\/\/www.ignis-lab.com\/index.php\/wp-json\/wp\/v2\/types\/page"}],"author":[{"embeddable":true,"href":"https:\/\/www.ignis-lab.com\/index.php\/wp-json\/wp\/v2\/users\/1"}],"replies":[{"embeddable":true,"href":"https:\/\/www.ignis-lab.com\/index.php\/wp-json\/wp\/v2\/comments?post=57"}],"version-history":[{"count":2,"href":"https:\/\/www.ignis-lab.com\/index.php\/wp-json\/wp\/v2\/pages\/57\/revisions"}],"predecessor-version":[{"id":85,"href":"https:\/\/www.ignis-lab.com\/index.php\/wp-json\/wp\/v2\/pages\/57\/revisions\/85"}],"wp:attachment":[{"href":"https:\/\/www.ignis-lab.com\/index.php\/wp-json\/wp\/v2\/media?parent=57"}],"curies":[{"name":"wp","href":"https:\/\/api.w.org\/{rel}","templated":true}]}}